{"id":199,"date":"2023-11-24T03:37:22","date_gmt":"2023-11-24T02:37:22","guid":{"rendered":"https:\/\/sablona.vasestranka.cz\/?page_id=199"},"modified":"2025-06-21T09:56:20","modified_gmt":"2025-06-21T07:56:20","slug":"souhlas-se-zpracovanim-osobnich-udaju","status":"publish","type":"page","link":"https:\/\/www.poladent.cz\/de\/souhlas-se-zpracovanim-osobnich-udaju\/","title":{"rendered":"Einverst\u00e4ndnis zur Verarbeitung personenbezogener Daten"},"content":{"rendered":"\n<ul class=\"wp-block-list\">\n<li>Name und Nachname,<\/li>\n\n\n\n<li>E-Mail-Adresse.<\/li>\n<\/ul>\n\n\n\n<ol class=\"wp-block-list\">\n<li>E-Mail-Adresse und Name werden zum Zweck der Kontaktierung des Nachrichtenverfassers bez\u00fcglich der Antwort auf seine Anfrage oder Dienstleistungsanfrage verarbeitet.<\/li>\n\n\n\n<li>Sie erteilen die Einverst\u00e4ndniserkl\u00e4rung zur Verarbeitung f\u00fcr eine Dauer von 3 Jahren, sofern Sie diese Frist nicht verl\u00e4ngern.<\/li>\n\n\n\n<li>Die Verarbeitung personenbezogener Daten wird vom Verantwortlichen durchgef\u00fchrt, personenbezogene Daten k\u00f6nnen jedoch f\u00fcr dieses Unternehmen auch von folgenden Auftragsverarbeitern verarbeitet werden:<\/li>\n<\/ol>\n\n\n\n<ul class=\"wp-block-list\">\n<li>a. Webhosting-Anbieter, Unternehmen SiteGround. Spain S.L., CIF: B-87194171 VAT: ESB87194171 mit Sitz Calle Prim 19 28004 Madrid, Spain, +34.900.838.543.<\/li>\n\n\n\n<li>b. gegebenenfalls weitere Anbieter von Verarbeitungssoftware, -diensten und -anwendungen, die der Verantwortliche jedoch derzeit nicht nutzt.<\/li>\n<\/ul>\n\n\n\n<ol class=\"wp-block-list\">\n<li>Die Einverst\u00e4ndniserkl\u00e4rung kann jederzeit widerrufen werden, beispielsweise durch Zusendung eines Briefs oder einer E-Mail. Der Widerruf der Einverst\u00e4ndniserkl\u00e4rung f\u00fchrt zur L\u00f6schung Ihrer Daten aus unserer Datenbank.<\/li>\n<\/ol>\n\n\n\n<h2 class=\"wp-block-heading\"><strong>Verarbeitung personenbezogener Daten und Ihre Rechte<\/strong><\/h2>\n\n\n\n<ul class=\"wp-block-list\">\n<li>von uns Auskunft dar\u00fcber zu verlangen, welche Ihrer personenbezogenen Daten wir verarbeiten,<\/li>\n\n\n\n<li>von uns eine Erkl\u00e4rung bez\u00fcglich der Verarbeitung personenbezogener Daten zu verlangen,<\/li>\n\n\n\n<li>bei uns Zugang zu diesen Daten zu beantragen und diese aktualisieren oder korrigieren zu lassen,<\/li>\n\n\n\n<li>von uns die L\u00f6schung dieser personenbezogenen Daten zu verlangen,<\/li>\n\n\n\n<li>bei Zweifeln \u00fcber die Einhaltung der Pflichten im Zusammenhang mit der Verarbeitung personenbezogener Daten sich an uns oder an das Amt f\u00fcr den Schutz personenbezogener Daten zu wenden.<\/li>\n<\/ul>\n","protected":false},"excerpt":{"rendered":"<p>Verarbeitung personenbezogener Daten und Ihre Rechte<\/p>\n","protected":false},"author":1,"featured_media":0,"parent":0,"menu_order":0,"comment_status":"closed","ping_status":"closed","template":"","meta":{"_acf_changed":false,"footnotes":""},"class_list":["post-199","page","type-page","status-publish","hentry"],"acf":[],"_links":{"self":[{"href":"https:\/\/www.poladent.cz\/de\/wp-json\/wp\/v2\/pages\/199","targetHints":{"allow":["GET"]}}],"collection":[{"href":"https:\/\/www.poladent.cz\/de\/wp-json\/wp\/v2\/pages"}],"about":[{"href":"https:\/\/www.poladent.cz\/de\/wp-json\/wp\/v2\/types\/page"}],"author":[{"embeddable":true,"href":"https:\/\/www.poladent.cz\/de\/wp-json\/wp\/v2\/users\/1"}],"replies":[{"embeddable":true,"href":"https:\/\/www.poladent.cz\/de\/wp-json\/wp\/v2\/comments?post=199"}],"version-history":[{"count":4,"href":"https:\/\/www.poladent.cz\/de\/wp-json\/wp\/v2\/pages\/199\/revisions"}],"predecessor-version":[{"id":1924,"href":"https:\/\/www.poladent.cz\/de\/wp-json\/wp\/v2\/pages\/199\/revisions\/1924"}],"wp:attachment":[{"href":"https:\/\/www.poladent.cz\/de\/wp-json\/wp\/v2\/media?parent=199"}],"curies":[{"name":"wp","href":"https:\/\/api.w.org\/{rel}","templated":true}]}}